{"id":963,"date":"2019-11-06T16:08:03","date_gmt":"2019-11-06T16:08:03","guid":{"rendered":"https:\/\/loving-payne.141-94-11-138.plesk.page\/etre-rappele\/"},"modified":"2019-11-14T13:34:29","modified_gmt":"2019-11-14T13:34:29","slug":"to-be-called-back","status":"publish","type":"page","link":"https:\/\/www.tecinox.fr\/en\/to-be-called-back\/","title":{"rendered":"To be called back"},"content":{"rendered":"<section class=\"bg-light\">\n\t<div class=\"container\">\n\t\t\t\t<h1 class=\"text-center\">To be called back\t\t<\/h1>\n\t\t\t\t\t\t<p class=\"lead\">Do you have a question and wish to be called back? Fill out the form below and we will be sure to get back to you as soon as possible.\t\t<\/p>\n\t\t\t\t<div class=\"row\">\n\t\t\t<div class=\"col-lg-6 offset-lg-3\">\n\t\t\t\t<!-- begin :: webcomponents\/form-gravity -->\n\t\t\t\t<div class=\"form-gravity\">\n\t\t\t\t\t<div class=\"wp-block-columns has-2-columns\">\n\t\t\t\t\t\t<table border=\"0\" cellspacing=\"0\" cellpadding=\"0\">\n\t\t\t\t\t\t\t<tbody>\n\t\t\t\t\t\t\t\t<tr>\n\t\t\t\t\t\t\t\t\t<td class=\"code\">\n\t\t\t\t\t\t\t\t\t\t<div class=\"container\">\n\t\t\t\t\t\t\t\t\t\t\t<div class=\"line number1 index0 alt2\">\n\t\t\t\t\t\t\t\t\t\t\t\t<code class=\"xml plain\">\n\t\t\t\t\t\t\t\t\t\t\t\t\t<script type=\"text\/javascript\">\n\/* <![CDATA[ *\/\nvar gform;gform||(document.addEventListener(\"gform_main_scripts_loaded\",function(){gform.scriptsLoaded=!0}),document.addEventListener(\"gform\/theme\/scripts_loaded\",function(){gform.themeScriptsLoaded=!0}),window.addEventListener(\"DOMContentLoaded\",function(){gform.domLoaded=!0}),gform={domLoaded:!1,scriptsLoaded:!1,themeScriptsLoaded:!1,isFormEditor:()=>\"function\"==typeof InitializeEditor,callIfLoaded:function(o){return!(!gform.domLoaded||!gform.scriptsLoaded||!gform.themeScriptsLoaded&&!gform.isFormEditor()||(gform.isFormEditor()&&console.warn(\"The use of gform.initializeOnLoaded() is deprecated in the form editor context and will be removed in Gravity Forms 3.1.\"),o(),0))},initializeOnLoaded:function(o){gform.callIfLoaded(o)||(document.addEventListener(\"gform_main_scripts_loaded\",()=>{gform.scriptsLoaded=!0,gform.callIfLoaded(o)}),document.addEventListener(\"gform\/theme\/scripts_loaded\",()=>{gform.themeScriptsLoaded=!0,gform.callIfLoaded(o)}),window.addEventListener(\"DOMContentLoaded\",()=>{gform.domLoaded=!0,gform.callIfLoaded(o)}))},hooks:{action:{},filter:{}},addAction:function(o,r,e,t){gform.addHook(\"action\",o,r,e,t)},addFilter:function(o,r,e,t){gform.addHook(\"filter\",o,r,e,t)},doAction:function(o){gform.doHook(\"action\",o,arguments)},applyFilters:function(o){return gform.doHook(\"filter\",o,arguments)},removeAction:function(o,r){gform.removeHook(\"action\",o,r)},removeFilter:function(o,r,e){gform.removeHook(\"filter\",o,r,e)},addHook:function(o,r,e,t,n){null==gform.hooks[o][r]&&(gform.hooks[o][r]=[]);var d=gform.hooks[o][r];null==n&&(n=r+\"_\"+d.length),gform.hooks[o][r].push({tag:n,callable:e,priority:t=null==t?10:t})},doHook:function(r,o,e){var t;if(e=Array.prototype.slice.call(e,1),null!=gform.hooks[r][o]&&((o=gform.hooks[r][o]).sort(function(o,r){return o.priority-r.priority}),o.forEach(function(o){\"function\"!=typeof(t=o.callable)&&(t=window[t]),\"action\"==r?t.apply(null,e):e[0]=t.apply(null,e)})),\"filter\"==r)return e[0]},removeHook:function(o,r,t,n){var e;null!=gform.hooks[o][r]&&(e=(e=gform.hooks[o][r]).filter(function(o,r,e){return!!(null!=n&&n!=o.tag||null!=t&&t!=o.priority)}),gform.hooks[o][r]=e)}});\n\/* ]]> *\/\n<\/script>\n\n                <div class='gf_browser_gecko gform_wrapper gform_legacy_markup_wrapper gform-theme--no-framework' data-form-theme='legacy' data-form-index='0' id='gform_wrapper_2' ><div id='gf_2' class='gform_anchor' tabindex='-1'><\/div><form method='post' enctype='multipart\/form-data' target='gform_ajax_frame_2' id='gform_2'  action='\/en\/wp-json\/wp\/v2\/pages\/963#gf_2' data-formid='2' novalidate>\n                        <div class='gform-body gform_body'><ul id='gform_fields_2' class='gform_fields top_label form_sublabel_below description_below validation_below'><li id=\"field_2_2\" class=\"gfield gfield--type-radio gfield--type-choice field_sublabel_below gfield--no-description field_description_below field_validation_below gfield_visibility_visible\"  ><label class='gfield_label gform-field-label' >Civilit\u00e9<\/label><div class='ginput_container ginput_container_radio'><ul class='gfield_radio' id='input_2_2'>\n\t\t\t<li class='gchoice gchoice_2_2_0'>\n\t\t\t\t<input name='input_2' type='radio' value='MME'  id='choice_2_2_0' tabindex='49'   \/>\n\t\t\t\t<label for='choice_2_2_0' id='label_2_2_0' class='gform-field-label gform-field-label--type-inline'>MME<\/label>\n\t\t\t<\/li>\n\t\t\t<li class='gchoice gchoice_2_2_1'>\n\t\t\t\t<input name='input_2' type='radio' value='MR'  id='choice_2_2_1' tabindex='50'   \/>\n\t\t\t\t<label for='choice_2_2_1' id='label_2_2_1' class='gform-field-label gform-field-label--type-inline'>MR<\/label>\n\t\t\t<\/li><\/ul><\/div><\/li><li id=\"field_2_1\" class=\"gfield gfield--type-text gfield_contains_required field_sublabel_below gfield--no-description field_description_below field_validation_below gfield_visibility_visible\"  ><label class='gfield_label gform-field-label' for='input_2_1'>NOM<span class=\"gfield_required\"><span class=\"gfield_required gfield_required_asterisk\">*<\/span><\/span><\/label><div class='ginput_container ginput_container_text'><input name='input_1' id='input_2_1' type='text' value='' class='medium'   tabindex='51' placeholder='Votre nom' aria-required=\"true\" aria-invalid=\"false\"   \/><\/div><\/li><li id=\"field_2_3\" class=\"gfield gfield--type-text gfield_contains_required field_sublabel_below gfield--no-description field_description_below field_validation_below gfield_visibility_visible\"  ><label class='gfield_label gform-field-label' for='input_2_3'>PR\u00c9NOM<span class=\"gfield_required\"><span class=\"gfield_required gfield_required_asterisk\">*<\/span><\/span><\/label><div class='ginput_container ginput_container_text'><input name='input_3' id='input_2_3' type='text' value='' class='medium'   tabindex='52' placeholder='Votre pr\u00e9nom' aria-required=\"true\" aria-invalid=\"false\"   \/><\/div><\/li><li id=\"field_2_4\" class=\"gfield gfield--type-text gfield_contains_required field_sublabel_below gfield--no-description field_description_below field_validation_below gfield_visibility_visible\"  ><label class='gfield_label gform-field-label' for='input_2_4'>SOCI\u00c9T\u00c9<span class=\"gfield_required\"><span class=\"gfield_required gfield_required_asterisk\">*<\/span><\/span><\/label><div class='ginput_container ginput_container_text'><input name='input_4' id='input_2_4' type='text' value='' class='medium'   tabindex='53' placeholder='Votre soci\u00e9t\u00e9' aria-required=\"true\" aria-invalid=\"false\"   \/><\/div><\/li><li id=\"field_2_5\" class=\"gfield gfield--type-text gfield_contains_required field_sublabel_below gfield--no-description field_description_below field_validation_below gfield_visibility_visible\"  ><label class='gfield_label gform-field-label' for='input_2_5'>FONCTION<span class=\"gfield_required\"><span class=\"gfield_required gfield_required_asterisk\">*<\/span><\/span><\/label><div class='ginput_container ginput_container_text'><input name='input_5' id='input_2_5' type='text' value='' class='medium'   tabindex='54' placeholder='Votre fonction' aria-required=\"true\" aria-invalid=\"false\"   \/><\/div><\/li><li id=\"field_2_10\" class=\"gfield gfield--type-phone gfield_contains_required field_sublabel_below gfield--no-description field_description_below field_validation_below gfield_visibility_visible\"  ><label class='gfield_label gform-field-label' for='input_2_10'>NUMERO DE TELEPHONE<span class=\"gfield_required\"><span class=\"gfield_required gfield_required_asterisk\">*<\/span><\/span><\/label><div class='ginput_container ginput_container_phone'><input name='input_10' id='input_2_10' type='tel' value='' class='medium' tabindex='55' placeholder='Votre num\u00e9ro de t\u00e9l\u00e9phone' aria-required=\"true\" aria-invalid=\"false\"   \/><\/div><\/li><li id=\"field_2_8\" class=\"gfield gfield--type-email gfield_contains_required field_sublabel_below gfield--no-description field_description_below field_validation_below gfield_visibility_visible\"  ><label class='gfield_label gform-field-label' for='input_2_8'>ADRESSE E-MAIL<span class=\"gfield_required\"><span class=\"gfield_required gfield_required_asterisk\">*<\/span><\/span><\/label><div class='ginput_container ginput_container_email'>\n                            <input name='input_8' id='input_2_8' type='email' value='' class='medium' tabindex='56'  placeholder='Votre adresse e-mail' aria-required=\"true\" aria-invalid=\"false\"  \/>\n                        <\/div><\/li><li id=\"field_2_11\" class=\"gfield gfield--type-textarea gfield_contains_required field_sublabel_below gfield--no-description field_description_below field_validation_below gfield_visibility_visible\"  ><label class='gfield_label gform-field-label' for='input_2_11'>MESSAGE<span class=\"gfield_required\"><span class=\"gfield_required gfield_required_asterisk\">*<\/span><\/span><\/label><div class='ginput_container ginput_container_textarea'><textarea name='input_11' id='input_2_11' class='textarea medium' tabindex='57'   placeholder='Votre message' aria-required=\"true\" aria-invalid=\"false\"   rows='10' cols='50'><\/textarea><\/div><\/li><li id=\"field_2_12\" class=\"gfield gfield--type-consent gfield--type-choice gfield--input-type-consent gfield_contains_required field_sublabel_below gfield--no-description field_description_below hidden_label field_validation_below gfield_visibility_hidden\"  ><div class=\"admin-hidden-markup\"><i class=\"gform-icon gform-icon--hidden\" aria-hidden=\"true\" title=\"This field is hidden when viewing the form\"><\/i><span>This field is hidden when viewing the form<\/span><\/div><label class='gfield_label gform-field-label gfield_label_before_complex' >RGPD<span class=\"gfield_required\"><span class=\"gfield_required gfield_required_asterisk\">*<\/span><\/span><\/label><div class='ginput_container ginput_container_consent'><input name='input_12.1' id='input_2_12_1' type='checkbox' value='1' tabindex='58'  aria-required=\"true\" aria-invalid=\"false\"   \/> <label class=\"gform-field-label gform-field-label--type-inline gfield_consent_label\" for='input_2_12_1' >J\u2019accepte que mes donn\u00e9es personnelles soient utilis\u00e9es eu \u00e9gard \u00e0 la politique d'utilisation des donn\u00e9es personnelles<span class=\"gfield_required gfield_required_asterisk\">*<\/span><\/label><input type='hidden' name='input_12.2' value='J\u2019accepte que mes donn\u00e9es personnelles soient utilis\u00e9es eu \u00e9gard \u00e0 la politique d&#039;utilisation des donn\u00e9es personnelles' class='gform_hidden' \/><input type='hidden' name='input_12.3' value='3' class='gform_hidden' \/><\/div><\/li><li id=\"field_2_13\" class=\"gfield gfield--type-captcha field_sublabel_below gfield--no-description field_description_below field_validation_below gfield_visibility_visible\"  ><label class='gfield_label gform-field-label screen-reader-text' for='input_2_13'><\/label><div id='input_2_13' class='ginput_container ginput_recaptcha' data-sitekey='6LcG9dQrAAAAAI2N2TWyjw8uz-0Jx9h8M_PE1hSM'  data-theme='light' data-tabindex='-1' data-size='invisible' data-badge='bottomright'><\/div><\/li><\/ul><\/div>\n        <div class='gform-footer gform_footer top_label'> <input type='submit' id='gform_submit_button_2' class='gform_button button' onclick='gform.submission.handleButtonClick(this);' data-submission-type='submit' value='Envoyer' tabindex='59' \/> <input type='hidden' name='gform_ajax' value='form_id=2&amp;title=&amp;description=&amp;tabindex=49&amp;theme=legacy&amp;styles=[]&amp;hash=b610a3b283b2c198f261728dbcaa4964' \/>\n            <input type='hidden' class='gform_hidden' name='gform_submission_method' data-js='gform_submission_method_2' value='iframe' \/>\n            <input type='hidden' class='gform_hidden' name='gform_theme' data-js='gform_theme_2' id='gform_theme_2' value='legacy' \/>\n            <input type='hidden' class='gform_hidden' name='gform_style_settings' data-js='gform_style_settings_2' id='gform_style_settings_2' value='[]' \/>\n            <input type='hidden' class='gform_hidden' name='is_submit_2' value='1' \/>\n            <input type='hidden' class='gform_hidden' name='gform_submit' value='2' \/>\n            \n            <input type='hidden' class='gform_hidden' name='gform_unique_id' value='' \/>\n            <input type='hidden' class='gform_hidden' name='state_2' value='WyJ7XCIxMi4xXCI6XCJkY2FiZGJjOWJiZjNjNDJhNjA5N2FmNTRmZWVkYmM5OFwiLFwiMTIuMlwiOlwiMTQzNDE0NTIxMDE4ODFiNzAwYjc0OTZmMzc0MWJkYWRcIixcIjEyLjNcIjpcImRhNGY0Njk5ZmJmY2U5MmVjNzg2Mjk0YTRlODdkNWNmXCJ9IiwiZmMxYzljMGFhMmZmNWI5NDFjNmQ1Yjg1ZTg2YzQ5ODUiXQ==' \/>\n            <input type='hidden' autocomplete='off' class='gform_hidden' name='gform_target_page_number_2' id='gform_target_page_number_2' value='0' \/>\n            <input type='hidden' autocomplete='off' class='gform_hidden' name='gform_source_page_number_2' id='gform_source_page_number_2' value='1' \/>\n            <input type='hidden' name='gform_field_values' value='' \/>\n            \n        <\/div>\n                        <\/form>\n                        <\/div>\n\t\t                <iframe style='display:none;width:0px;height:0px;' src='about:blank' name='gform_ajax_frame_2' id='gform_ajax_frame_2' title='This iframe contains the logic required to handle Ajax powered Gravity Forms.'><\/iframe>\n\t\t                <script type=\"text\/javascript\">\n\/* <![CDATA[ *\/\n gform.initializeOnLoaded( function() {gformInitSpinner( 2, 'https:\/\/www.tecinox.fr\/wp-content\/plugins\/gravityforms\/images\/spinner.svg', true );jQuery('#gform_ajax_frame_2').on('load',function(){var contents = jQuery(this).contents().find('*').html();var is_postback = contents.indexOf('GF_AJAX_POSTBACK') >= 0;if(!is_postback){return;}var form_content = jQuery(this).contents().find('#gform_wrapper_2');var is_confirmation = jQuery(this).contents().find('#gform_confirmation_wrapper_2').length > 0;var is_redirect = contents.indexOf('gformRedirect(){') >= 0;var is_form = form_content.length > 0 && ! is_redirect && ! is_confirmation;var mt = parseInt(jQuery('html').css('margin-top'), 10) + parseInt(jQuery('body').css('margin-top'), 10) + 100;if(is_form){jQuery('#gform_wrapper_2').html(form_content.html());if(form_content.hasClass('gform_validation_error')){jQuery('#gform_wrapper_2').addClass('gform_validation_error');} else {jQuery('#gform_wrapper_2').removeClass('gform_validation_error');}setTimeout( function() { \/* delay the scroll by 50 milliseconds to fix a bug in chrome *\/ jQuery(document).scrollTop(jQuery('#gform_wrapper_2').offset().top - mt); }, 50 );if(window['gformInitDatepicker']) {gformInitDatepicker();}if(window['gformInitPriceFields']) {gformInitPriceFields();}var current_page = jQuery('#gform_source_page_number_2').val();gformInitSpinner( 2, 'https:\/\/www.tecinox.fr\/wp-content\/plugins\/gravityforms\/images\/spinner.svg', true );jQuery(document).trigger('gform_page_loaded', [2, current_page]);window['gf_submitting_2'] = false;}else if(!is_redirect){var confirmation_content = jQuery(this).contents().find('.GF_AJAX_POSTBACK').html();if(!confirmation_content){confirmation_content = contents;}jQuery('#gform_wrapper_2').replaceWith(confirmation_content);jQuery(document).scrollTop(jQuery('#gf_2').offset().top - mt);jQuery(document).trigger('gform_confirmation_loaded', [2]);window['gf_submitting_2'] = false;wp.a11y.speak(jQuery('#gform_confirmation_message_2').text());}else{jQuery('#gform_2').append(contents);if(window['gformRedirect']) {gformRedirect();}}jQuery(document).trigger(\"gform_pre_post_render\", [{ formId: \"2\", currentPage: \"current_page\", abort: function() { this.preventDefault(); } }]);        if (event && event.defaultPrevented) {                return;        }        const gformWrapperDiv = document.getElementById( \"gform_wrapper_2\" );        if ( gformWrapperDiv ) {            const visibilitySpan = document.createElement( \"span\" );            visibilitySpan.id = \"gform_visibility_test_2\";            gformWrapperDiv.insertAdjacentElement( \"afterend\", visibilitySpan );        }        const visibilityTestDiv = document.getElementById( \"gform_visibility_test_2\" );        let postRenderFired = false;        function triggerPostRender() {            if ( postRenderFired ) {                return;            }            postRenderFired = true;            gform.core.triggerPostRenderEvents( 2, current_page );            if ( visibilityTestDiv ) {                visibilityTestDiv.parentNode.removeChild( visibilityTestDiv );            }        }        function debounce( func, wait, immediate ) {            var timeout;            return function() {                var context = this, args = arguments;                var later = function() {                    timeout = null;                    if ( !immediate ) func.apply( context, args );                };                var callNow = immediate && !timeout;                clearTimeout( timeout );                timeout = setTimeout( later, wait );                if ( callNow ) func.apply( context, args );            };        }        const debouncedTriggerPostRender = debounce( function() {            triggerPostRender();        }, 200 );        if ( visibilityTestDiv && visibilityTestDiv.offsetParent === null ) {            const observer = new MutationObserver( ( mutations ) => {                mutations.forEach( ( mutation ) => {                    if ( mutation.type === 'attributes' && visibilityTestDiv.offsetParent !== null ) {                        debouncedTriggerPostRender();                        observer.disconnect();                    }                });            });            observer.observe( document.body, {                attributes: true,                childList: false,                subtree: true,                attributeFilter: [ 'style', 'class' ],            });        } else {            triggerPostRender();        }    } );} ); \n\/* ]]> *\/\n<\/script>\n\t\t\t\t\t\t\t\t\t\t\t\t\t<p class=\"text-small mt-1\">In accordance with the General Regulations on Data Protection of the European Union (RGPD) of May 25, 2018, you have a right to access, rectify and delete data concerning you. If you wish to exercise this right and obtain information about yourself, please send an e-mail to the following address: contact@loving-payne.141-94-11-138.plesk.page or by mail to TEC INOX, Rue de Gu\u00e9rins, 41120 LE COTEAU<\/p>\n\t\t\t\t\t\t\t\t\t\t\t\t<\/code>\n\t\t\t\t\t\t\t\t\t\t\t<\/div>\n\t\t\t\t\t\t\t\t\t\t<\/div>\n\t\t\t\t\t\t\t\t\t<\/td>\n\t\t\t\t\t\t\t\t<\/tr>\n\t\t\t\t\t\t\t<\/tbody>\n\t\t\t\t\t\t<\/table>\n\t\t\t\t\t<\/div>\n\t\t\t\t<\/div>\n\t\t\t\t<!-- end :: webcomponents\/form-gravity -->\n\t\t\t<\/div>\n\t\t<\/div>\n\t<\/div>\n<\/section>\n","protected":false},"excerpt":{"rendered":"","protected":false},"author":1,"featured_media":0,"parent":0,"menu_order":0,"comment_status":"closed","ping_status":"closed","template":"","meta":{"_acf_changed":false,"footnotes":""},"class_list":["post-963","page","type-page","status-publish","hentry"],"acf":[],"yoast_head":"<title>To be called back - Tecinox<\/title>\n<meta name=\"robots\" content=\"index, follow, max-snippet:-1, max-image-preview:large, max-video-preview:-1\" \/>\n<link rel=\"canonical\" href=\"https:\/\/www.tecinox.fr\/en\/to-be-called-back\/\" \/>\n<meta property=\"og:locale\" content=\"en_US\" \/>\n<meta property=\"og:type\" content=\"article\" \/>\n<meta property=\"og:title\" content=\"To be called back - Tecinox\" \/>\n<meta property=\"og:url\" content=\"https:\/\/www.tecinox.fr\/en\/to-be-called-back\/\" \/>\n<meta property=\"og:site_name\" content=\"Tecinox\" \/>\n<meta property=\"article:modified_time\" content=\"2019-11-14T13:34:29+00:00\" \/>\n<meta name=\"twitter:card\" content=\"summary_large_image\" \/>\n<script type=\"application\/ld+json\" class=\"yoast-schema-graph\">{\"@context\":\"https:\/\/schema.org\",\"@graph\":[{\"@type\":\"WebPage\",\"@id\":\"https:\/\/www.tecinox.fr\/en\/to-be-called-back\/\",\"url\":\"https:\/\/www.tecinox.fr\/en\/to-be-called-back\/\",\"name\":\"To be called back - Tecinox\",\"isPartOf\":{\"@id\":\"https:\/\/tecinox.fr\/#website\"},\"datePublished\":\"2019-11-06T16:08:03+00:00\",\"dateModified\":\"2019-11-14T13:34:29+00:00\",\"breadcrumb\":{\"@id\":\"https:\/\/www.tecinox.fr\/en\/to-be-called-back\/#breadcrumb\"},\"inLanguage\":\"en-US\",\"potentialAction\":[{\"@type\":\"ReadAction\",\"target\":[\"https:\/\/www.tecinox.fr\/en\/to-be-called-back\/\"]}]},{\"@type\":\"BreadcrumbList\",\"@id\":\"https:\/\/www.tecinox.fr\/en\/to-be-called-back\/#breadcrumb\",\"itemListElement\":[{\"@type\":\"ListItem\",\"position\":1,\"name\":\"Accueil\",\"item\":\"https:\/\/tecinox.fr\/en\/\"},{\"@type\":\"ListItem\",\"position\":2,\"name\":\"To be called back\"}]},{\"@type\":\"WebSite\",\"@id\":\"https:\/\/tecinox.fr\/#website\",\"url\":\"https:\/\/tecinox.fr\/\",\"name\":\"Tecinox\",\"description\":\"CREATEUR DE CONFIANCE\",\"potentialAction\":[{\"@type\":\"SearchAction\",\"target\":{\"@type\":\"EntryPoint\",\"urlTemplate\":\"https:\/\/tecinox.fr\/?s={search_term_string}\"},\"query-input\":{\"@type\":\"PropertyValueSpecification\",\"valueRequired\":true,\"valueName\":\"search_term_string\"}}],\"inLanguage\":\"en-US\"}]}<\/script>","yoast_head_json":{"title":"To be called back - Tecinox","robots":{"index":"index","follow":"follow","max-snippet":"max-snippet:-1","max-image-preview":"max-image-preview:large","max-video-preview":"max-video-preview:-1"},"canonical":"https:\/\/www.tecinox.fr\/en\/to-be-called-back\/","og_locale":"en_US","og_type":"article","og_title":"To be called back - Tecinox","og_url":"https:\/\/www.tecinox.fr\/en\/to-be-called-back\/","og_site_name":"Tecinox","article_modified_time":"2019-11-14T13:34:29+00:00","twitter_card":"summary_large_image","schema":{"@context":"https:\/\/schema.org","@graph":[{"@type":"WebPage","@id":"https:\/\/www.tecinox.fr\/en\/to-be-called-back\/","url":"https:\/\/www.tecinox.fr\/en\/to-be-called-back\/","name":"To be called back - Tecinox","isPartOf":{"@id":"https:\/\/tecinox.fr\/#website"},"datePublished":"2019-11-06T16:08:03+00:00","dateModified":"2019-11-14T13:34:29+00:00","breadcrumb":{"@id":"https:\/\/www.tecinox.fr\/en\/to-be-called-back\/#breadcrumb"},"inLanguage":"en-US","potentialAction":[{"@type":"ReadAction","target":["https:\/\/www.tecinox.fr\/en\/to-be-called-back\/"]}]},{"@type":"BreadcrumbList","@id":"https:\/\/www.tecinox.fr\/en\/to-be-called-back\/#breadcrumb","itemListElement":[{"@type":"ListItem","position":1,"name":"Accueil","item":"https:\/\/tecinox.fr\/en\/"},{"@type":"ListItem","position":2,"name":"To be called back"}]},{"@type":"WebSite","@id":"https:\/\/tecinox.fr\/#website","url":"https:\/\/tecinox.fr\/","name":"Tecinox","description":"CREATEUR DE CONFIANCE","potentialAction":[{"@type":"SearchAction","target":{"@type":"EntryPoint","urlTemplate":"https:\/\/tecinox.fr\/?s={search_term_string}"},"query-input":{"@type":"PropertyValueSpecification","valueRequired":true,"valueName":"search_term_string"}}],"inLanguage":"en-US"}]}},"_links":{"self":[{"href":"https:\/\/www.tecinox.fr\/en\/wp-json\/wp\/v2\/pages\/963","targetHints":{"allow":["GET"]}}],"collection":[{"href":"https:\/\/www.tecinox.fr\/en\/wp-json\/wp\/v2\/pages"}],"about":[{"href":"https:\/\/www.tecinox.fr\/en\/wp-json\/wp\/v2\/types\/page"}],"author":[{"embeddable":true,"href":"https:\/\/www.tecinox.fr\/en\/wp-json\/wp\/v2\/users\/1"}],"replies":[{"embeddable":true,"href":"https:\/\/www.tecinox.fr\/en\/wp-json\/wp\/v2\/comments?post=963"}],"version-history":[{"count":3,"href":"https:\/\/www.tecinox.fr\/en\/wp-json\/wp\/v2\/pages\/963\/revisions"}],"predecessor-version":[{"id":968,"href":"https:\/\/www.tecinox.fr\/en\/wp-json\/wp\/v2\/pages\/963\/revisions\/968"}],"wp:attachment":[{"href":"https:\/\/www.tecinox.fr\/en\/wp-json\/wp\/v2\/media?parent=963"}],"curies":[{"name":"wp","href":"https:\/\/api.w.org\/{rel}","templated":true}]}}