{"id":1598,"date":"2019-11-06T16:06:07","date_gmt":"2019-11-06T16:06:07","guid":{"rendered":"https:\/\/loving-payne.141-94-11-138.plesk.page\/des-hommes\/"},"modified":"2019-11-06T16:06:07","modified_gmt":"2019-11-06T16:06:07","slug":"des-hommes","status":"publish","type":"page","link":"https:\/\/www.tecinox.fr\/en\/des-hommes\/","title":{"rendered":"Des hommes"},"content":{"rendered":"<section class=\"bg-light\">\n    <div class=\"container\">\n        <div class=\"row\">\n                                            <div class=\"col-lg-6 mb-3\">\n                <div class=\"card card--overflow-img card--carrefour\">\n                    <div class=\"card-top\">\n                                        <img decoding=\"async\" src=\"https:\/\/www.tecinox.fr\/wp-content\/uploads\/2019\/11\/placeholder-480x220px.jpg\" alt=\"\" class=\"card-img-top\" loading=\"lazy\">\n                                         <\/div>\n                    <div class=\"card-body\">\n                        <h3 class=\"card-title\">\n                                                            <a href=\"\/des-hommes\/lesprit-tec-inox\/\" title=\"L\u2019esprit Tec Inox\">\n                                L&#8217;esprit TEC INOX                                <\/a>\n                                                        <\/h3>\n                                <p>Nous sommes une \u00e9quipe d\u2019experts, unis par l\u2019amour du travail bien fait et le respect des engagements fixes.<\/p>\n                                                            <a href=\"\/des-hommes\/lesprit-tec-inox\/\" title=\"L\u2019esprit Tec Inox\" class=\"btn btn-primary btn-block\" rel=\"nofollow\">\n                                L\u2019esprit Tec Inox                            <\/a>\n                                                <\/div>\n                <\/div>\n            <\/div>\n                                                        <div class=\"col-lg-6 mb-3\">\n                <div class=\"card card--overflow-img card--carrefour\">\n                    <div class=\"card-top\">\n                                        <img decoding=\"async\" src=\"https:\/\/www.tecinox.fr\/wp-content\/uploads\/2019\/11\/placeholder-480x220px.jpg\" alt=\"\" class=\"card-img-top\" loading=\"lazy\">\n                                         <\/div>\n                    <div class=\"card-body\">\n                        <h3 class=\"card-title\">\n                                                            <a href=\"\/des-hommes\/une-equipe-a-lecoute\/\" title=\"Une \u00e9quipe \u00e0 l\u2019\u00e9coute\">\n                                Une \u00e9quipe \u00e0 l&#8217;\u00e9coute                                <\/a>\n                                                        <\/h3>\n                                <p>Nos clients peuvent se reposer sur notre savoir-faire et accordent une confiance totale \u00e0 nos \u00e9quipes. En choisissant Tec Inox, ils s\u2019offrent une tranquillit\u00e9 d\u2019esprit \u2013 et, \u00e0 leurs yeux, cela n\u2019a pas de prix.<\/p>\n                                                            <a href=\"\/des-hommes\/une-equipe-a-lecoute\/\" title=\"Une \u00e9quipe \u00e0 l\u2019\u00e9coute\" class=\"btn btn-primary btn-block\" rel=\"nofollow\">\n                                Une \u00e9quipe \u00e0 l\u2019\u00e9coute                            <\/a>\n                                                <\/div>\n                <\/div>\n            <\/div>\n                                <\/div>\n    <\/div>\n<\/section>\n\n\n<section class=\"bg-secondary des-besoins\">\n    \n    <div class=\"des-besoins__bg\" style=\"background-image: url('');\"><\/div>\n    <div class=\"container\">\n        <div class=\"row\">\n            <div class=\"col-lg-7\">\n                <div class=\"des-besoins__content\">\n                                        <h2 class=\"h1 mb-2\">Des besoins ?<\/h2>\n                                                            <p>Pour toute demande de renseignements, n&#8217;h\u00e9sitez pas \u00e0 nous contacter, nous vous r\u00e9pondrons dans les plus brefs d\u00e9lais.<\/p>\n                                                            <a href=\"\/des-besoins\/\" title=\"Nous contacter\" class=\"btn btn-primary btn-lg\">Des besoins ?<\/a>\n                                    <\/div>\n            <\/div>\n        <\/div>\n    <\/div>\n<\/section>\n","protected":false},"excerpt":{"rendered":"","protected":false},"author":1,"featured_media":0,"parent":0,"menu_order":0,"comment_status":"closed","ping_status":"closed","template":"","meta":{"_acf_changed":false,"footnotes":""},"class_list":["post-1598","page","type-page","status-publish","hentry"],"acf":[],"yoast_head":"<title>Des hommes - Tecinox<\/title>\n<meta name=\"robots\" content=\"index, follow, max-snippet:-1, max-image-preview:large, max-video-preview:-1\" \/>\n<link rel=\"canonical\" href=\"https:\/\/www.tecinox.fr\/en\/des-hommes\/\" \/>\n<meta property=\"og:locale\" content=\"en_US\" \/>\n<meta property=\"og:type\" content=\"article\" \/>\n<meta property=\"og:title\" content=\"Des hommes - Tecinox\" \/>\n<meta property=\"og:url\" content=\"https:\/\/www.tecinox.fr\/en\/des-hommes\/\" \/>\n<meta property=\"og:site_name\" content=\"Tecinox\" \/>\n<meta name=\"twitter:card\" content=\"summary_large_image\" \/>\n<script type=\"application\/ld+json\" class=\"yoast-schema-graph\">{\"@context\":\"https:\/\/schema.org\",\"@graph\":[{\"@type\":\"WebPage\",\"@id\":\"https:\/\/www.tecinox.fr\/en\/des-hommes\/\",\"url\":\"https:\/\/www.tecinox.fr\/en\/des-hommes\/\",\"name\":\"Des hommes - Tecinox\",\"isPartOf\":{\"@id\":\"https:\/\/tecinox.fr\/#website\"},\"datePublished\":\"2019-11-06T16:06:07+00:00\",\"breadcrumb\":{\"@id\":\"https:\/\/www.tecinox.fr\/en\/des-hommes\/#breadcrumb\"},\"inLanguage\":\"en-US\",\"potentialAction\":[{\"@type\":\"ReadAction\",\"target\":[\"https:\/\/www.tecinox.fr\/en\/des-hommes\/\"]}]},{\"@type\":\"BreadcrumbList\",\"@id\":\"https:\/\/www.tecinox.fr\/en\/des-hommes\/#breadcrumb\",\"itemListElement\":[{\"@type\":\"ListItem\",\"position\":1,\"name\":\"Accueil\",\"item\":\"https:\/\/tecinox.fr\/en\/\"},{\"@type\":\"ListItem\",\"position\":2,\"name\":\"Des hommes\"}]},{\"@type\":\"WebSite\",\"@id\":\"https:\/\/tecinox.fr\/#website\",\"url\":\"https:\/\/tecinox.fr\/\",\"name\":\"Tecinox\",\"description\":\"CREATEUR DE CONFIANCE\",\"potentialAction\":[{\"@type\":\"SearchAction\",\"target\":{\"@type\":\"EntryPoint\",\"urlTemplate\":\"https:\/\/tecinox.fr\/?s={search_term_string}\"},\"query-input\":{\"@type\":\"PropertyValueSpecification\",\"valueRequired\":true,\"valueName\":\"search_term_string\"}}],\"inLanguage\":\"en-US\"}]}<\/script>","yoast_head_json":{"title":"Des hommes - Tecinox","robots":{"index":"index","follow":"follow","max-snippet":"max-snippet:-1","max-image-preview":"max-image-preview:large","max-video-preview":"max-video-preview:-1"},"canonical":"https:\/\/www.tecinox.fr\/en\/des-hommes\/","og_locale":"en_US","og_type":"article","og_title":"Des hommes - Tecinox","og_url":"https:\/\/www.tecinox.fr\/en\/des-hommes\/","og_site_name":"Tecinox","twitter_card":"summary_large_image","schema":{"@context":"https:\/\/schema.org","@graph":[{"@type":"WebPage","@id":"https:\/\/www.tecinox.fr\/en\/des-hommes\/","url":"https:\/\/www.tecinox.fr\/en\/des-hommes\/","name":"Des hommes - Tecinox","isPartOf":{"@id":"https:\/\/tecinox.fr\/#website"},"datePublished":"2019-11-06T16:06:07+00:00","breadcrumb":{"@id":"https:\/\/www.tecinox.fr\/en\/des-hommes\/#breadcrumb"},"inLanguage":"en-US","potentialAction":[{"@type":"ReadAction","target":["https:\/\/www.tecinox.fr\/en\/des-hommes\/"]}]},{"@type":"BreadcrumbList","@id":"https:\/\/www.tecinox.fr\/en\/des-hommes\/#breadcrumb","itemListElement":[{"@type":"ListItem","position":1,"name":"Accueil","item":"https:\/\/tecinox.fr\/en\/"},{"@type":"ListItem","position":2,"name":"Des hommes"}]},{"@type":"WebSite","@id":"https:\/\/tecinox.fr\/#website","url":"https:\/\/tecinox.fr\/","name":"Tecinox","description":"CREATEUR DE CONFIANCE","potentialAction":[{"@type":"SearchAction","target":{"@type":"EntryPoint","urlTemplate":"https:\/\/tecinox.fr\/?s={search_term_string}"},"query-input":{"@type":"PropertyValueSpecification","valueRequired":true,"valueName":"search_term_string"}}],"inLanguage":"en-US"}]}},"_links":{"self":[{"href":"https:\/\/www.tecinox.fr\/en\/wp-json\/wp\/v2\/pages\/1598","targetHints":{"allow":["GET"]}}],"collection":[{"href":"https:\/\/www.tecinox.fr\/en\/wp-json\/wp\/v2\/pages"}],"about":[{"href":"https:\/\/www.tecinox.fr\/en\/wp-json\/wp\/v2\/types\/page"}],"author":[{"embeddable":true,"href":"https:\/\/www.tecinox.fr\/en\/wp-json\/wp\/v2\/users\/1"}],"replies":[{"embeddable":true,"href":"https:\/\/www.tecinox.fr\/en\/wp-json\/wp\/v2\/comments?post=1598"}],"version-history":[{"count":0,"href":"https:\/\/www.tecinox.fr\/en\/wp-json\/wp\/v2\/pages\/1598\/revisions"}],"wp:attachment":[{"href":"https:\/\/www.tecinox.fr\/en\/wp-json\/wp\/v2\/media?parent=1598"}],"curies":[{"name":"wp","href":"https:\/\/api.w.org\/{rel}","templated":true}]}}